{"id":1099,"date":"2019-03-14T12:50:26","date_gmt":"2019-03-14T11:50:26","guid":{"rendered":"https:\/\/bernard-minier.com\/autour-des-romans\/"},"modified":"2021-03-26T14:36:18","modified_gmt":"2021-03-26T13:36:18","slug":"inside-the-novels","status":"publish","type":"page","link":"https:\/\/bernard-minier.com\/en\/inside-the-novels\/","title":{"rendered":"Autour des romans"},"content":{"rendered":"<p><img loading=\"lazy\" decoding=\"async\" class=\"alignnone wp-image-1246 \" src=\"https:\/\/bernard-minier.com\/wp-content\/uploads\/2021\/03\/fingerprint-150159_1280-703x1024.png\" alt=\"\" width=\"361\" height=\"526\" srcset=\"https:\/\/bernard-minier.com\/wp-content\/uploads\/2021\/03\/fingerprint-150159_1280-703x1024.png 703w, https:\/\/bernard-minier.com\/wp-content\/uploads\/2021\/03\/fingerprint-150159_1280-206x300.png 206w, https:\/\/bernard-minier.com\/wp-content\/uploads\/2021\/03\/fingerprint-150159_1280-768x1118.png 768w, https:\/\/bernard-minier.com\/wp-content\/uploads\/2021\/03\/fingerprint-150159_1280.png 879w\" sizes=\"auto, (max-width: 361px) 100vw, 361px\" \/><\/p>\n<h2>Martin Servaz<\/h2>\n<p style=\"text-align: justify;\">40, police captain in the South West of France, divorced, solitary, a tad misanthropic, father of a rebellious teenager, perfectionist, obsessed with a nearly noxious sense of duty, confronted with a more and more violent and crepuscular society, with his inner demons and with an evil that is more and more intimately connected with our daily life.<\/p>\n<p style=\"text-align: justify;\">Younger, he wanted to be a writer. He became a cop in order to reopen the case of his mother\u2019s death, after his father\u2019s suicide; but he doesn\u2019t see life and the world just like a cop: more like a poet, a philosopher and a survivor.<\/p>\n<p style=\"text-align: justify;\">Not at ease with the modern world, he likes: books, Latin quotes, classical music (Mahler\u2019s), his daughter; he doesn\u2019t like: incompetence, injustice, idiocy, sport on TV, consumer society, new technologies, the sceptics, social climbers, hypocrites, crooked, servile, liars, know-it-all, speed and firearms.<\/p>\n<p style=\"text-align: justify;\">From the snow buried summits of the Pyrenees mountains to the urban jungles, from wooded hills of the South West region to the political and financial spheres, from a disturbing mental institution to a small university town that cultivates elitism, arrogance and cruelty; Servaz fights against nonstandard criminals, terrifying secrets, forces often far bigger than he is; his inner demons never letting him be.<\/p>\n<p style=\"text-align: justify;\">Confronted with all too real nightmares, he doesn\u2019t hesitate to plunge body and soul deep into investigations that bring him at the edge of the abyss. Because, in a certain way, Servaz, a human being far too humane, tackles something a lot stronger than he is.<\/p>\n[\/column]\n[\/row]\n<p>&nbsp;<\/p>\n<div class=\"row\">\n<div class=\"col-md-6\">\n<h3>Vincent Esp\u00e9randieu<\/h3>\n<p>30 ans, principal adjoint et ami de Servaz. Bien que dix ans seulement les s\u00e9parent, Vincent appartient \u00e0 la g\u00e9n\u00e9ration suivante : celle du multim\u00e9dia, de la cyberculture, de l\u2019image et du son. Geek, lecteur de mangas et de BD, fan de rock indie, il est mari\u00e9 \u00e0 la troublante Charl\u00e8ne Esp\u00e9randieu, vers laquelle Servaz se sent attir\u00e9 malgr\u00e9 lui. Il est \u00e0 la fois parfaitement compl\u00e9mentaire et l\u2019exact oppos\u00e9 de son patron, \u00e0 qui il voue une admiration non d\u00e9nu\u00e9e de sens critique et d\u2019humour.<br \/>\n<\/div>\n<div class=\"col-md-6\">\n<h3>Ir\u00e8ne Ziegler<\/h3>\n<p>La gendarme lesbienne, motarde et franc-tireuse est \u00e0 la fois la complice et l\u2019oppos\u00e9e de Servaz : elle aime la vitesse, les sports \u00e0 risque, n\u2019h\u00e9site pas \u00e0 piloter un h\u00e9licopt\u00e8re ou \u00e0 faire usage de son arme et a un talent certain pour l\u2019informatique. Comme Servaz, elle est n\u00e9anmoins tortur\u00e9e par la souffrance d\u2019un monde qui tremble et qui meurt sous leurs yeux \u2013 et, tout comme lui, elle poss\u00e8de un pass\u00e9 douloureux.<br \/>\n<\/div>\n<\/div>\n<div class=\"row\">\n<div class=\"col-md-6\">\n<h3>Cathy d\u2019Humi\u00e8res<\/h3>\n<p>Procureur, la cinquantaine. Comp\u00e9tente, communicante, f\u00e9rue d\u2019astrologie, femme \u00e0 poigne, soutient g\u00e9n\u00e9ralement les initiatives de Servaz qu\u2019elle d\u00e9fend \u00e0 plusieurs reprises, m\u00eame lorsque celui-ci est mis en cause par sa hi\u00e9rarchie.<br \/>\n<\/div>\n<div class=\"col-md-6\">\n<h3>Margot Servaz<\/h3>\n<p>Fille de Martin. Dix-sept ans dans \u00ab Glac\u00e9 \u00bb, o\u00f9 elle a une liaison avec un homme mari\u00e9 de l\u2019\u00e2ge de son p\u00e8re. Adepte de tatouages, de piercings et de blousons en cuir, elle entretient avec Servaz une relation mi-complice mi-conflictuelle. Cependant, elle suit, \u00e0 sa mani\u00e8re, les traces de celui-ci, car elle est non seulement brillante mais elle partage aussi son go\u00fbt immod\u00e9r\u00e9 pour les livres et la litt\u00e9rature.<br \/>\n<\/div>\n<\/div>\n<div class=\"row\">\n<div class=\"col-md-6\">\n<h3>Samira Cheung<\/h3>\n<p>Nouvelle recrue de la brigade, la Franco-Sino-Marocaine (Chinoise par son p\u00e8re, Franco-Marocaine par sa m\u00e8re) est excentrique, impulsive, intelligente et anticonformiste. Comme Vincent, elle incarne une nouvelle g\u00e9n\u00e9ration d\u2019enqu\u00eateurs. Dot\u00e9e d\u2019un physique atypique (un visage extraordinairement laid sur un corps parfait), elle a un penchant pour les arrangements vestimentaires les plus improbables et un temp\u00e9rament volcanique.<br \/>\n<\/div>\n<div class=\"col-md-6\">\n<h3>Julian Hirtmann<\/h3>\n<p>L\u2019ancien procureur de Gen\u00e8ve a assassin\u00e9 sa femme et l\u2019amant de celle-ci par une nuit d\u2019orage dans sa villa des bords du L\u00e9man, o\u00f9 il donnait r\u00e9guli\u00e8rement des orgies pour la bonne soci\u00e9t\u00e9 locale. A cette occasion, la police suisse a d\u00e9couvert en fouillant ses dossiers qu\u2019elle avait affaire \u00e0 l\u2019un des plus redoutables tueurs en s\u00e9rie de l\u2019\u00e8re moderne. Le Suisse est un pur pr\u00e9dateur. Dans les couloirs rouges de son esprit, il y a maintes portes. L\u2019une ouvre sur la crypte o\u00f9 est conserv\u00e9 le souvenir des quarante femmes qu\u2019il a assassin\u00e9es, d\u2019une deuxi\u00e8me s\u2019\u00e9l\u00e8ve la musique de Mahler, et plus particuli\u00e8rement celle des Kindertotenlieder (\u00ab les Chants pour des Enfants morts \u00bb) qu\u2019il \u00e9coutait le jour o\u00f9 il a tu\u00e9 son \u00e9pouse. Bizarrement, il partage cette passion pour la musique du compositeur autrichien avec Servaz lui-m\u00eame. Cette passion commune va d\u2019ailleurs l\u2019inciter \u00e0 s\u2019int\u00e9resser de plus en plus au policier et aux siens, au grand dam de ce dernier. Ailleurs, c\u2019est une cellule semblable \u00e0 celle qu\u2019il occupe \u00e0 l\u2019Institut Wargnier \u2013 couloirs glaciaux, verrous qui claquent, neige et froid derri\u00e8re les carreaux\u2026 Le mal n\u2019est pas compris \u2013 il est juste craint ou ha\u00ef. Aussi, l\u2019esprit de Hirtmann est-il de ces labyrinthes o\u00f9 l\u2019on ne s\u2019aventure qu\u2019\u00e0 regret.<br \/>\n<\/div>\n<\/div>\n","protected":false},"excerpt":{"rendered":"<p>Martin Servaz 40, police captain in the South West of France, divorced, solitary, a tad misanthropic, father of a rebellious teenager, perfectionist, obsessed with a nearly noxious sense of duty, confronted with a more and more violent and crepuscular society, with his inner demons and with an evil that is [&hellip;]<\/p>\n","protected":false},"author":1,"featured_media":0,"parent":0,"menu_order":0,"comment_status":"closed","ping_status":"closed","template":"page-personnages.php","meta":{"footnotes":""},"class_list":["post-1099","page","type-page","status-publish","hentry"],"_links":{"self":[{"href":"https:\/\/bernard-minier.com\/en\/wp-json\/wp\/v2\/pages\/1099\/"}],"collection":[{"href":"https:\/\/bernard-minier.com\/en\/wp-json\/wp\/v2\/pages\/"}],"about":[{"href":"https:\/\/bernard-minier.com\/en\/wp-json\/wp\/v2\/types\/page\/"}],"author":[{"embeddable":true,"href":"https:\/\/bernard-minier.com\/en\/wp-json\/wp\/v2\/users\/1\/"}],"replies":[{"embeddable":true,"href":"https:\/\/bernard-minier.com\/en\/wp-json\/wp\/v2\/comments\/?post=1099"}],"version-history":[{"count":0,"href":"https:\/\/bernard-minier.com\/en\/wp-json\/wp\/v2\/pages\/1099\/revisions\/"}],"wp:attachment":[{"href":"https:\/\/bernard-minier.com\/en\/wp-json\/wp\/v2\/media\/?parent=1099"}],"curies":[{"name":"wp","href":"https:\/\/api.w.org\/{rel}","templated":true}]}}