{"id":139,"date":"2015-04-21T15:03:48","date_gmt":"2015-04-21T14:03:48","guid":{"rendered":"http:\/\/bernard-minier.com\/contacts-2\/"},"modified":"2015-04-21T15:03:48","modified_gmt":"2015-04-21T14:03:48","slug":"contacts","status":"publish","type":"page","link":"https:\/\/bernard-minier.com\/en\/contacts\/","title":{"rendered":"Contacts"},"content":{"rendered":"<p>Pour contacter Bernard Minier, merci d&#8217;adresser vos lettres \u00e0 :<\/p>\n<p>XO \u00c9ditions<br \/>\nA l&#8217;attention de Bernard Minier<br \/>\nTour Maine Montparnasse<br \/>\n33 avenue du Maine<br \/>\nBP 142<br \/>\n75755 Paris cedex 15<\/p>\n<p>T\u00e9l. 01 56 80 26 80<\/p>\n<p><strong>Pour contacter le service commercial<\/strong><br \/>\n<a href=\"mailto:commercial@xoeditions.com\">commercial@xoeditions.com<\/a><\/p>\n<p><strong>Pour contacter le service de presse<\/strong><br \/>\nT\u00e9l. 01 56 80 26 81<br \/>\n<a href=\"mailto:press@xoeditions.com\">press@xoeditions.com<\/a><\/p>\n","protected":false},"excerpt":{"rendered":"<p>Pour contacter Bernard Minier, merci d&#8217;adresser vos lettres \u00e0 : XO \u00c9ditions A l&#8217;attention de Bernard Minier Tour Maine Montparnasse 33 avenue du Maine BP 142 75755 Paris cedex 15 T\u00e9l. 01 56 80 26 80 Pour contacter le service commercial commercial@xoeditions.com Pour contacter le service de presse T\u00e9l. 01 [&hellip;]<\/p>\n","protected":false},"author":1,"featured_media":0,"parent":0,"menu_order":0,"comment_status":"open","ping_status":"open","template":"","meta":{"footnotes":""},"class_list":["post-139","page","type-page","status-publish","hentry"],"_links":{"self":[{"href":"https:\/\/bernard-minier.com\/en\/wp-json\/wp\/v2\/pages\/139\/"}],"collection":[{"href":"https:\/\/bernard-minier.com\/en\/wp-json\/wp\/v2\/pages\/"}],"about":[{"href":"https:\/\/bernard-minier.com\/en\/wp-json\/wp\/v2\/types\/page\/"}],"author":[{"embeddable":true,"href":"https:\/\/bernard-minier.com\/en\/wp-json\/wp\/v2\/users\/1\/"}],"replies":[{"embeddable":true,"href":"https:\/\/bernard-minier.com\/en\/wp-json\/wp\/v2\/comments\/?post=139"}],"version-history":[{"count":0,"href":"https:\/\/bernard-minier.com\/en\/wp-json\/wp\/v2\/pages\/139\/revisions\/"}],"wp:attachment":[{"href":"https:\/\/bernard-minier.com\/en\/wp-json\/wp\/v2\/media\/?parent=139"}],"curies":[{"name":"wp","href":"https:\/\/api.w.org\/{rel}","templated":true}]}}