{"id":145,"date":"2015-04-21T15:04:05","date_gmt":"2015-04-21T14:04:05","guid":{"rendered":"http:\/\/bernard-minier.com\/mentions-legales-2\/"},"modified":"2018-06-07T11:46:39","modified_gmt":"2018-06-07T10:46:39","slug":"legal-notices","status":"publish","type":"page","link":"https:\/\/bernard-minier.com\/en\/legal-notices\/","title":{"rendered":"Legal notices"},"content":{"rendered":"<p style=\"text-align: justify;\">You are currently browsing the website of the author Bernard Minier, through the address www.bernardminier.com.<\/p>\n<p style=\"text-align: justify;\"><strong>ABOUT US<\/strong><br \/>\nThis website is owned and operated by <strong>XO \u00c9ditions<br \/>\n<\/strong>A limited company (soci\u00e9t\u00e9\u00a0anonyme) capitalised at 160 000 \u20ac<br \/>\nRegistered with the Trade and Companies Register of Paris number\u00a0B 423 177 054<br \/>\nVAT number FR 24 423 177 054<br \/>\nOur registered office is located at: Tour Maine Montparnasse, 33 avenue du Maine BP 142, 75755 Paris cedex 15, France.<br \/>\nOur phone number is: +33 1 56 80 26 80<br \/>\n<a href=\"mailto:xoeditions@xoeditions.com\">xoeditions@xoeditions.com<\/a><\/p>\n<p style=\"text-align: justify;\"><strong>PUBLISHING DIRECTOR<\/strong><br \/>\nEdith Leblond<\/p>\n<p style=\"text-align: justify;\"><strong>HOSTING<\/strong><br \/>\nThis website is hosted by OVH.<br \/>\nAddress: 2 rue Kellermann, 59100 Roubaix<\/p>\n<p style=\"text-align: justify;\"><strong>CREDITS<\/strong><br \/>\nThis website was designed and developped by\u00a0<a href=\"http:\/\/www.clair-et-net.com\/\" target=\"_blank\" rel=\"noopener\">Clair et Net.<\/a><br \/>\nAddress: 7, rue Sainte-F\u00e9licit\u00e9, 75015 Paris<br \/>\nPhone number: 01\u00a056 56 09 09<br \/>\n<a href=\"mailto:info@clair-et-net.com\" target=\"_blank\" rel=\"noopener\">info@clair-et-net.com<\/a><\/p>\n<p style=\"text-align: justify;\"><strong>PRIVACY POLICY<br \/>\n<\/strong><a href=\"https:\/\/bernard-minier.com\/en\/privacy-policy\/\" rel=\"noopener\">Please read our Privacy Policy here<\/a>.<\/p>\n<p style=\"text-align: justify;\"><em>Thank you for visiting our website!<\/em><\/p>\n","protected":false},"excerpt":{"rendered":"<p>You are currently browsing the website of the author Bernard Minier, through the address www.bernardminier.com. ABOUT US This website is owned and operated by XO \u00c9ditions A limited company (soci\u00e9t\u00e9\u00a0anonyme) capitalised at 160 000 \u20ac Registered with the Trade and Companies Register of Paris number\u00a0B 423 177 054 VAT number [&hellip;]<\/p>\n","protected":false},"author":1,"featured_media":0,"parent":0,"menu_order":0,"comment_status":"open","ping_status":"open","template":"","meta":{"footnotes":""},"class_list":["post-145","page","type-page","status-publish","hentry"],"_links":{"self":[{"href":"https:\/\/bernard-minier.com\/en\/wp-json\/wp\/v2\/pages\/145\/"}],"collection":[{"href":"https:\/\/bernard-minier.com\/en\/wp-json\/wp\/v2\/pages\/"}],"about":[{"href":"https:\/\/bernard-minier.com\/en\/wp-json\/wp\/v2\/types\/page\/"}],"author":[{"embeddable":true,"href":"https:\/\/bernard-minier.com\/en\/wp-json\/wp\/v2\/users\/1\/"}],"replies":[{"embeddable":true,"href":"https:\/\/bernard-minier.com\/en\/wp-json\/wp\/v2\/comments\/?post=145"}],"version-history":[{"count":0,"href":"https:\/\/bernard-minier.com\/en\/wp-json\/wp\/v2\/pages\/145\/revisions\/"}],"wp:attachment":[{"href":"https:\/\/bernard-minier.com\/en\/wp-json\/wp\/v2\/media\/?parent=145"}],"curies":[{"name":"wp","href":"https:\/\/api.w.org\/{rel}","templated":true}]}}